{"id":10,"date":"2015-04-27T16:11:49","date_gmt":"2015-04-27T14:11:49","guid":{"rendered":"http:\/\/zwickelsdorfer.at\/?page_id=10"},"modified":"2015-05-13T06:41:48","modified_gmt":"2015-05-13T04:41:48","slug":"impressum","status":"publish","type":"page","link":"http:\/\/zwickelsdorfer.at\/?page_id=10","title":{"rendered":"Impressum"},"content":{"rendered":"<p><strong>Impressum:<br \/>\n<\/strong><em>Herausgeber und Medieninhaber<\/em>: Oliver Zwickelsdorfer<br \/>\n<em>Email<\/em>: oliver@zwickelsdorfer.at<br \/>\n<em>Grundlegende Richtung:<\/em> Blog zu Politik und Gesellschaft<\/p>\n<div>\n<div id=\"hcard-Helge-Fahrnberger\"><strong>Haftung:<\/strong> Auf diesen Web-Seiten besteht auch f\u00fcr User die M\u00f6glichkeit, interaktiv Mails zu posten, Texte zu ver\u00f6ffentlichen und Stellung zu beziehen. Wir haben als Gestalter der Web-Seiten keinen Einfluss auf Inhalt und Form der von Usern gestalteten Beitr\u00e4ge. Diese Beitr\u00e4ge stellen daher nicht automatisch meine\u00a0Position dar. Aus diesen Gr\u00fcnden kann der Medieninhaber\u00a0auch f\u00fcr auf diesem Wege von Dritten begangene Eingriffe in fremde Rechte, etwa Urheberrechte, Pers\u00f6nlichkeitsrechte, u. a. keinerlei Haftung \u00fcbernehmen.<\/div>\n<\/div>\n","protected":false},"excerpt":{"rendered":"<p>Impressum: Herausgeber und Medieninhaber: Oliver Zwickelsdorfer Email: oliver@zwickelsdorfer.at Grundlegende Richtung: Blog zu Politik und Gesellschaft Haftung: Auf diesen Web-Seiten besteht auch f\u00fcr User die M\u00f6glichkeit, interaktiv Mails zu posten, Texte zu ver\u00f6ffentlichen und Stellung zu beziehen. Wir haben als Gestalter der Web-Seiten keinen Einfluss auf Inhalt und Form der von Usern gestalteten Beitr\u00e4ge. Diese Beitr\u00e4ge&hellip;<\/p>\n","protected":false},"author":1,"featured_media":0,"parent":0,"menu_order":0,"comment_status":"closed","ping_status":"closed","template":"","meta":{"footnotes":""},"class_list":["post-10","page","type-page","status-publish","hentry"],"jetpack_sharing_enabled":true,"_links":{"self":[{"href":"http:\/\/zwickelsdorfer.at\/index.php?rest_route=\/wp\/v2\/pages\/10","targetHints":{"allow":["GET"]}}],"collection":[{"href":"http:\/\/zwickelsdorfer.at\/index.php?rest_route=\/wp\/v2\/pages"}],"about":[{"href":"http:\/\/zwickelsdorfer.at\/index.php?rest_route=\/wp\/v2\/types\/page"}],"author":[{"embeddable":true,"href":"http:\/\/zwickelsdorfer.at\/index.php?rest_route=\/wp\/v2\/users\/1"}],"replies":[{"embeddable":true,"href":"http:\/\/zwickelsdorfer.at\/index.php?rest_route=%2Fwp%2Fv2%2Fcomments&post=10"}],"version-history":[{"count":4,"href":"http:\/\/zwickelsdorfer.at\/index.php?rest_route=\/wp\/v2\/pages\/10\/revisions"}],"predecessor-version":[{"id":122,"href":"http:\/\/zwickelsdorfer.at\/index.php?rest_route=\/wp\/v2\/pages\/10\/revisions\/122"}],"wp:attachment":[{"href":"http:\/\/zwickelsdorfer.at\/index.php?rest_route=%2Fwp%2Fv2%2Fmedia&parent=10"}],"curies":[{"name":"wp","href":"https:\/\/api.w.org\/{rel}","templated":true}]}}