{"id":6,"date":"2015-04-27T16:10:59","date_gmt":"2015-04-27T14:10:59","guid":{"rendered":"http:\/\/zwickelsdorfer.at\/?page_id=6"},"modified":"2016-05-04T19:22:33","modified_gmt":"2016-05-04T17:22:33","slug":"about","status":"publish","type":"page","link":"http:\/\/zwickelsdorfer.at\/?page_id=6","title":{"rendered":"\u00dcber Oliver"},"content":{"rendered":"<p>Ich bin in Nieder\u00f6sterreich aufgewachsen und habe Volkswirtschaft und Politikwissenschaften an der Universit\u00e4t Wien studiert. Beruflich bin ich in der SV besch\u00e4ftigt, meine pers\u00f6nliche und politische Leidenschaft sind Partizipationsm\u00f6glichkeiten im Rahmen von Wahlsystemen und Entscheidungsprozessen innerhalb von Parteien. Ich bin seit ihrer Gr\u00fcndung 2007 bei der <a href=\"http:\/\/www.sektionacht.at\/\">Sektion 8<\/a> aktiv, seit Dezember 2015 auch deren Stellvertretender Vorsitzender. In diesem Rahmen konnte ich mich intensiv der Frage widmen, wie eine Demokratisierung der Parteiendemokratie sowohl durch das Wahlrecht als auch durch innerparteiliche Entscheidungsprozesse mittels Vorwahlen oder Urabstimmungen erfolgen kann. Demokratisierung bedeutet dabei die Entscheidungsm\u00f6glichkeiten der Bev\u00f6lkerung (und der Parteimitglieder) in Bezug auf Personal- und Sachentscheidungen zu vergr\u00f6\u00dfern, die Partizipation von Frauen, MigrantInnen und anderen unterrepr\u00e4sentierten Bev\u00f6lkerungsgruppen in der Politik zu erh\u00f6hen und Minderheitenrechte zu st\u00e4rken.<\/p>\n<p>Meine Faszination f\u00fcr das Thema reicht allerdings schon viel l\u00e4nger zur\u00fcck, genau genommen bis zum Wahlsieg der Labour Party im Jahr 1997. Damals habe ich mich zum ersten Mal intensiv mit dem rigorosen Mehrheitswahlrecht in Gro\u00dfbritannien besch\u00e4ftigt. Als klarer Bef\u00fcrworter von Verh\u00e4ltniswahlsystemen faszinieren mich vor allem Modelle, wo trotz einer viel st\u00e4rkeren Personalisierung die Verh\u00e4ltnism\u00e4\u00dfigkeit gewahrt bleibt. Beispiele daf\u00fcr sind das <a href=\"http:\/\/de.wikipedia.org\/wiki\/Kumulieren\">Kumulieren<\/a> und <a href=\"http:\/\/de.wikipedia.org\/wiki\/Panaschieren\">Panaschieren<\/a> in Hamburg oder Bremen, bzw. das System der <a href=\"http:\/\/de.wikipedia.org\/wiki\/%C3%9Cbertragbare_Einzelstimmgebung\">\u00fcbertragbaren Einzelstimme<\/a> in Irland, Schottland und Australien. Parallel dazu habe ich begonnen mich mit Fragen der innerparteilichen Demokratie zu besch\u00e4ftigen, die in <a href=\"http:\/\/blog.sektionacht.at\/wp-content\/uploads\/2012\/08\/Handout-Parteidemokratie-Maerz-2012-Payerbach.pdf\">Europa viel verbreiteter<\/a> ist als man in \u00d6sterreich vermuten w\u00fcrde. In der britischen Labour Party w\u00e4hlen Mitglieder und registrierten SympathisantInnen den Parteivorsitzenden oder die Parteivorsitzende, bei den SozialistInnen in Frankreich findet eine Urwahl unter allen Mitgliedern statt und beim italienischen Partito Democratico k\u00f6nnen alle SympathisantInnen \u00fcber den Parteivorsitzenden oder die Parteivorsitzende mitentscheiden, sofern sie einen kleinen finanziellen Beitrag leisten. Mein Schwerpunkt liegt dabei auf sozialdemokratischen und anderen Mitte-Links-Parteien, ich interessiere mich aber auch f\u00fcr Entscheidungsprozesse und innerparteiliche Wahlen in liberalen, konservativen und Linksparteien.<\/p>\n","protected":false},"excerpt":{"rendered":"<p>Ich bin in Nieder\u00f6sterreich aufgewachsen und habe Volkswirtschaft und Politikwissenschaften an der Universit\u00e4t Wien studiert. Beruflich bin ich in der SV besch\u00e4ftigt, meine pers\u00f6nliche und politische Leidenschaft sind Partizipationsm\u00f6glichkeiten im Rahmen von Wahlsystemen und Entscheidungsprozessen innerhalb von Parteien. Ich bin seit ihrer Gr\u00fcndung 2007 bei der Sektion 8 aktiv, seit Dezember 2015 auch deren Stellvertretender&hellip;<\/p>\n","protected":false},"author":1,"featured_media":0,"parent":0,"menu_order":0,"comment_status":"closed","ping_status":"closed","template":"","meta":{"footnotes":""},"class_list":["post-6","page","type-page","status-publish","hentry"],"jetpack_sharing_enabled":true,"_links":{"self":[{"href":"http:\/\/zwickelsdorfer.at\/index.php?rest_route=\/wp\/v2\/pages\/6","targetHints":{"allow":["GET"]}}],"collection":[{"href":"http:\/\/zwickelsdorfer.at\/index.php?rest_route=\/wp\/v2\/pages"}],"about":[{"href":"http:\/\/zwickelsdorfer.at\/index.php?rest_route=\/wp\/v2\/types\/page"}],"author":[{"embeddable":true,"href":"http:\/\/zwickelsdorfer.at\/index.php?rest_route=\/wp\/v2\/users\/1"}],"replies":[{"embeddable":true,"href":"http:\/\/zwickelsdorfer.at\/index.php?rest_route=%2Fwp%2Fv2%2Fcomments&post=6"}],"version-history":[{"count":15,"href":"http:\/\/zwickelsdorfer.at\/index.php?rest_route=\/wp\/v2\/pages\/6\/revisions"}],"predecessor-version":[{"id":136,"href":"http:\/\/zwickelsdorfer.at\/index.php?rest_route=\/wp\/v2\/pages\/6\/revisions\/136"}],"wp:attachment":[{"href":"http:\/\/zwickelsdorfer.at\/index.php?rest_route=%2Fwp%2Fv2%2Fmedia&parent=6"}],"curies":[{"name":"wp","href":"https:\/\/api.w.org\/{rel}","templated":true}]}}